{"id":2450,"date":"2013-08-30T19:17:29","date_gmt":"2013-08-30T19:17:29","guid":{"rendered":"http:\/\/clinicaguane.gov.co\/guane\/?page_id=2450"},"modified":"2025-11-21T22:21:47","modified_gmt":"2025-11-22T03:21:47","slug":"mision","status":"publish","type":"page","link":"http:\/\/clinicaguane.gov.co\/guane\/mision\/","title":{"rendered":"Misi\u00f3n"},"content":{"rendered":"\n<p style=\"text-align: center;\"><strong>Somos una Instituci\u00f3n prestadora de servicios de salud de primer nivel de complejidad, dedicada a ofrecer a la comunidad de Floridablanca, servicios humanizados, seguros y de calidad, con el objetivo de mejorar su salud y bienestar, a trav\u00e9s del programa de promoci\u00f3n y prevenci\u00f3n, la atenci\u00f3n en urgencias y consulta m\u00e9dica; en concordancia con las pol\u00edticas de calidad, seguridad del paciente, seguridad y salud en el trabajo, seguridad ambiental, responsabilidad social y convenios docente-asistenciales.<\/strong><\/p>\n","protected":false},"excerpt":{"rendered":"<p>Somos una Instituci\u00f3n prestadora de servicios de salud de primer nivel de complejidad, dedicada a ofrecer a la comunidad de Floridablanca, servicios humanizados, seguros y de calidad, con el objetivo de mejorar su salud y bienestar, a trav\u00e9s del programa de promoci\u00f3n y prevenci\u00f3n, la atenci\u00f3n en urgencias y consulta m\u00e9dica; en concordancia con las [&hellip;]<\/p>\n","protected":false},"author":2,"featured_media":0,"parent":0,"menu_order":0,"comment_status":"closed","ping_status":"open","template":"","meta":{"_exactmetrics_skip_tracking":false,"_exactmetrics_sitenote_active":false,"_exactmetrics_sitenote_note":"","_exactmetrics_sitenote_category":0},"_links":{"self":[{"href":"http:\/\/clinicaguane.gov.co\/guane\/wp-json\/wp\/v2\/pages\/2450"}],"collection":[{"href":"http:\/\/clinicaguane.gov.co\/guane\/wp-json\/wp\/v2\/pages"}],"about":[{"href":"http:\/\/clinicaguane.gov.co\/guane\/wp-json\/wp\/v2\/types\/page"}],"author":[{"embeddable":true,"href":"http:\/\/clinicaguane.gov.co\/guane\/wp-json\/wp\/v2\/users\/2"}],"replies":[{"embeddable":true,"href":"http:\/\/clinicaguane.gov.co\/guane\/wp-json\/wp\/v2\/comments?post=2450"}],"version-history":[{"count":8,"href":"http:\/\/clinicaguane.gov.co\/guane\/wp-json\/wp\/v2\/pages\/2450\/revisions"}],"predecessor-version":[{"id":11946,"href":"http:\/\/clinicaguane.gov.co\/guane\/wp-json\/wp\/v2\/pages\/2450\/revisions\/11946"}],"wp:attachment":[{"href":"http:\/\/clinicaguane.gov.co\/guane\/wp-json\/wp\/v2\/media?parent=2450"}],"curies":[{"name":"wp","href":"https:\/\/api.w.org\/{rel}","templated":true}]}}