{"id":30,"date":"2011-12-14T16:36:43","date_gmt":"2011-12-14T16:36:43","guid":{"rendered":"http:\/\/clinicaguane.gov.co\/guane\/siteguane\/?page_id=30"},"modified":"2018-10-17T14:30:40","modified_gmt":"2018-10-17T19:30:40","slug":"sistema-de-calidad","status":"publish","type":"page","link":"http:\/\/clinicaguane.gov.co\/guane\/sistema-de-calidad\/","title":{"rendered":"Politica Integrada"},"content":{"rendered":"<p><b><a href=\"http:\/\/clinicaguane.gov.co\/guane\/wp-content\/uploads\/2011\/12\/politica-de-calidad.jpg\"><img loading=\"lazy\" class=\"aligncenter size-full wp-image-2464\" src=\"http:\/\/clinicaguane.gov.co\/guane\/wp-content\/uploads\/2011\/12\/politica-de-calidad.jpg\" alt=\"politica-de-calidad\" width=\"940\" height=\"396\" srcset=\"http:\/\/clinicaguane.gov.co\/guane\/wp-content\/uploads\/2011\/12\/politica-de-calidad.jpg 940w, http:\/\/clinicaguane.gov.co\/guane\/wp-content\/uploads\/2011\/12\/politica-de-calidad-300x126.jpg 300w\" sizes=\"(max-width: 940px) 100vw, 940px\" \/><\/a><\/b><\/p>\n<p>En la E.S.E Cl\u00ednica Guane y su RIS de Floridablanca nuestros procesos se enfocan hacia el fortalecimiento de la calidad de vida de nuestros usuarios, a optimizar las condiciones de trabajo y el entorno de nuestros colaboradores, as\u00ed como a proteger el medio ambiente, para cuyos prop\u00f3sitos nos comprometemos con:<\/p>\n<ul>\n<li class=\"x_ydp263a8389MsoNormal\">Brindar atenci\u00f3n segura, oportuna, accesible y con calidez<\/li>\n<li class=\"x_ydp263a8389MsoNormal\">Fomentar las actividades de prevenci\u00f3n y promoci\u00f3n de la salud, promoviendo la educaci\u00f3n de nuestros usuarios orient\u00e1ndolos hacia el autocuidado.<\/li>\n<li class=\"x_ydp263a8389MsoNormal\">Prevenir y controlar los riesgos operativos y operacionales<\/li>\n<li class=\"x_ydp263a8389MsoNormal\">Promover y mantener condiciones ocupacionales seguras, proporcionando bienestar f\u00edsico, mental y social a nuestros colaboradores<\/li>\n<li class=\"x_ydp263a8389MsoNormal\">Impulsar la responsabilidad social empresarial<\/li>\n<li class=\"x_ydp263a8389MsoNormal\">Prevenir las externalidades negativas asociadas con el uso de insumos, controlando la generaci\u00f3n de residuos peligrosos s\u00f3lidos, l\u00edquidos y gaseosos<\/li>\n<li class=\"x_ydp263a8389MsoNormal\">\u00a0Facilitar y fortalecer las relaciones docencia-asistencial que permitan a la entidad y a las instituciones de educaci\u00f3n superior con las que se firmen convenios, contribuir con el cumplimiento de sus misiones.<\/li>\n<li class=\"x_ydp263a8389MsoNormal\">\u00a0Aumentar el portafolio mediante la incorporaci\u00f3n de servicios de mayor nivel de complejidad.<\/li>\n<\/ul>\n<p>La E.S.E. Cl\u00ednica Guane y su RIS se apoya en el cumplimiento de los requisitos legales aplicables, la adherencia a las pol\u00edticas institucionales, los principios y valores generadores de una cultura organizacional propia que involucre a las partes interesadas, y el mejoramiento continuo de sus procesos.<\/p>\n<p><b>\u00a0<\/b><\/p>\n<p><b>OBJETIVOS DE CALIDAD<\/b><\/p>\n<p><b>\u00a0<\/b><\/p>\n<table class=\"aligncenter\" border=\"1\" cellspacing=\"0\" cellpadding=\"0\">\n<tbody>\n<tr style=\"height: 94px;\">\n<td style=\"height: 94px;\" valign=\"top\" width=\"620\">\n<p style=\"text-align: center;\"><b>1.4.1 OBJETIVO GENERAL<\/b><\/p>\n<p><b>\u00a0<\/b><\/td>\n<\/tr>\n<tr style=\"height: 187.34px;\">\n<td style=\"height: 187.34px;\" valign=\"top\" width=\"620\">Mejorar los servicios de salud bajo los est\u00e1ndares del Sistema Obligatorio de la Garant\u00eda de la Calidad, determinando fortalezas y oportunidades de mejoramiento continuo, a trav\u00e9s de estrategias e instrumentos de planificaci\u00f3n, ejecuci\u00f3n, verificaci\u00f3n y evaluaci\u00f3n, buscando as\u00ed la permanente optimizaci\u00f3n de la atenci\u00f3n a los usuarios de Floridablanca y su \u00e1rea de influencia.<\/p>\n<p>&nbsp;<\/td>\n<\/tr>\n<\/tbody>\n<\/table>\n<p style=\"text-align: center;\"><b>\u00a0<\/b><\/p>\n<table class=\"aligncenter\" border=\"1\" cellspacing=\"0\" cellpadding=\"0\">\n<tbody>\n<tr>\n<td valign=\"top\" width=\"618\"><b>1.4.2 OBJETIVOS ESPECIFICOS<\/b><b>\u00a0<\/b><\/td>\n<\/tr>\n<tr>\n<td valign=\"top\" width=\"618\"><b>\u00a0<\/b>Satisfacer las necesidades y expectativas de los usuarios, garantizando\u00a0 la oportunidad y pertinencia m\u00e9dica en la atenci\u00f3n de la salud.<\/p>\n<p><b>\u00a0<\/b><\/td>\n<\/tr>\n<tr>\n<td valign=\"top\" width=\"618\">Prestar servicios de atenci\u00f3n en salud con personal calificado, garantizando su competencia mediante el desarrollo y evaluaci\u00f3n de programas de capacitaci\u00f3n.<\/p>\n<p><b>\u00a0<\/b><\/td>\n<\/tr>\n<tr>\n<td valign=\"top\" width=\"618\">Utilizar\u00a0 tecnolog\u00eda e infraestructura adecuada, seg\u00fan las necesidades requeridas y la disponibilidad de recursos de tal manera que sean manejados\u00a0 eficaz y eficientemente.<\/p>\n<p>&nbsp;<\/td>\n<\/tr>\n<tr>\n<td valign=\"top\" width=\"618\">Cumplir los principios de eficiencia, transparencia, responsabilidad e imparcialidad, implementando un programa de sensibilizaci\u00f3n para la generaci\u00f3n de la cultura del autocontrol y autogesti\u00f3n en los servidores p\u00fablicos.<\/p>\n<p><b>\u00a0<\/b><\/td>\n<\/tr>\n<tr>\n<td valign=\"top\" width=\"618\">Garantizar la participaci\u00f3n comunitaria en las acciones administrativas, mediante estrategias de comunicaci\u00f3n que permitan la retroalimentaci\u00f3n de informaci\u00f3n de los procesos misionales y de apoyo entre la ESE CLINICA GUANE \u00a0y la comunidad.<\/p>\n<p><b>\u00a0<\/b><\/td>\n<\/tr>\n<\/tbody>\n<\/table>\n","protected":false},"excerpt":{"rendered":"<p>En la E.S.E Cl\u00ednica Guane y su RIS de Floridablanca nuestros procesos se enfocan hacia el fortalecimiento de la calidad de vida de nuestros usuarios, a optimizar las condiciones de trabajo y el entorno de nuestros colaboradores, as\u00ed como a proteger el medio ambiente, para cuyos prop\u00f3sitos nos comprometemos con: Brindar atenci\u00f3n segura, oportuna, accesible [&hellip;]<\/p>\n","protected":false},"author":1,"featured_media":0,"parent":0,"menu_order":0,"comment_status":"closed","ping_status":"closed","template":"","meta":{"_exactmetrics_skip_tracking":false,"_exactmetrics_sitenote_active":false,"_exactmetrics_sitenote_note":"","_exactmetrics_sitenote_category":0},"_links":{"self":[{"href":"http:\/\/clinicaguane.gov.co\/guane\/wp-json\/wp\/v2\/pages\/30"}],"collection":[{"href":"http:\/\/clinicaguane.gov.co\/guane\/wp-json\/wp\/v2\/pages"}],"about":[{"href":"http:\/\/clinicaguane.gov.co\/guane\/wp-json\/wp\/v2\/types\/page"}],"author":[{"embeddable":true,"href":"http:\/\/clinicaguane.gov.co\/guane\/wp-json\/wp\/v2\/users\/1"}],"replies":[{"embeddable":true,"href":"http:\/\/clinicaguane.gov.co\/guane\/wp-json\/wp\/v2\/comments?post=30"}],"version-history":[{"count":5,"href":"http:\/\/clinicaguane.gov.co\/guane\/wp-json\/wp\/v2\/pages\/30\/revisions"}],"predecessor-version":[{"id":5596,"href":"http:\/\/clinicaguane.gov.co\/guane\/wp-json\/wp\/v2\/pages\/30\/revisions\/5596"}],"wp:attachment":[{"href":"http:\/\/clinicaguane.gov.co\/guane\/wp-json\/wp\/v2\/media?parent=30"}],"curies":[{"name":"wp","href":"https:\/\/api.w.org\/{rel}","templated":true}]}}