{"id":3873,"date":"2015-06-04T01:13:05","date_gmt":"2015-06-04T01:13:05","guid":{"rendered":"http:\/\/clinicaguane.gov.co\/guane\/?page_id=3873"},"modified":"2015-06-04T01:14:39","modified_gmt":"2015-06-04T01:14:39","slug":"convocatoria-publica-programa-humanizacion-de-servicios","status":"publish","type":"page","link":"http:\/\/clinicaguane.gov.co\/guane\/convocatoria-publica-programa-humanizacion-de-servicios\/","title":{"rendered":"Convocatoria Publica PROGRAMA: HUMANIZACI\u00d3N DE SERVICIOS"},"content":{"rendered":"<p>La E.S.E Cl\u00ednica Guane y su Red Integral de Salud dentro de su proceso de mejoramiento continuo busca personas naturales y\/o Jur\u00eddicas que acompa\u00f1en nuestro bienestar mediante programas que lleven a la cl\u00ednica a la Humanizaci\u00f3n del servicio.<\/p>\n<p>Se reciben propuestas y cotizaciones en el edificio principal de la E.S.E Cl\u00ednica Guane, calle 4 No. 7 \u2013 01 casco urbano de Floridablanca, piso siete (7), oficina de ventanilla \u00fanica; cualquier informaci\u00f3n relacionada con la presente necesidad consultar mediante el correo electr\u00f3nico <a href=\"mailto:contactenos@clinicaguane.gov.co\">contactenos@clinicaguane.gov.co<\/a><\/p>\n","protected":false},"excerpt":{"rendered":"<p>La E.S.E Cl\u00ednica Guane y su Red Integral de Salud dentro de su proceso de mejoramiento continuo busca personas naturales y\/o Jur\u00eddicas que acompa\u00f1en nuestro bienestar mediante programas que lleven a la cl\u00ednica a la Humanizaci\u00f3n del servicio. Se reciben propuestas y cotizaciones en el edificio principal de la E.S.E Cl\u00ednica Guane, calle 4 No. [&hellip;]<\/p>\n","protected":false},"author":2,"featured_media":0,"parent":0,"menu_order":0,"comment_status":"open","ping_status":"open","template":"","meta":{"_exactmetrics_skip_tracking":false,"_exactmetrics_sitenote_active":false,"_exactmetrics_sitenote_note":"","_exactmetrics_sitenote_category":0},"_links":{"self":[{"href":"http:\/\/clinicaguane.gov.co\/guane\/wp-json\/wp\/v2\/pages\/3873"}],"collection":[{"href":"http:\/\/clinicaguane.gov.co\/guane\/wp-json\/wp\/v2\/pages"}],"about":[{"href":"http:\/\/clinicaguane.gov.co\/guane\/wp-json\/wp\/v2\/types\/page"}],"author":[{"embeddable":true,"href":"http:\/\/clinicaguane.gov.co\/guane\/wp-json\/wp\/v2\/users\/2"}],"replies":[{"embeddable":true,"href":"http:\/\/clinicaguane.gov.co\/guane\/wp-json\/wp\/v2\/comments?post=3873"}],"version-history":[{"count":2,"href":"http:\/\/clinicaguane.gov.co\/guane\/wp-json\/wp\/v2\/pages\/3873\/revisions"}],"predecessor-version":[{"id":3875,"href":"http:\/\/clinicaguane.gov.co\/guane\/wp-json\/wp\/v2\/pages\/3873\/revisions\/3875"}],"wp:attachment":[{"href":"http:\/\/clinicaguane.gov.co\/guane\/wp-json\/wp\/v2\/media?parent=3873"}],"curies":[{"name":"wp","href":"https:\/\/api.w.org\/{rel}","templated":true}]}}