{"id":508,"date":"2011-12-22T21:39:44","date_gmt":"2011-12-22T21:39:44","guid":{"rendered":"http:\/\/clinicaguane.gov.co\/guane\/siteguane\/?page_id=508"},"modified":"2011-12-22T21:39:44","modified_gmt":"2011-12-22T21:39:44","slug":"glosario-de-terminos","status":"publish","type":"page","link":"http:\/\/clinicaguane.gov.co\/guane\/servicios-de-informacion\/glosario-de-terminos\/","title":{"rendered":"Glosario de t\u00e9rminos"},"content":{"rendered":"<h2 style=\"text-align: justify;\">DEFINICI\u00d3N DE CONCEPTOS EN EL \u00c1REA DE LA SALUD Y \u00daTILES PARA EL USUARIO DE LA E.S.E. CL\u00cdNICA GUANE DE FLORIDABLANCA<\/h2>\n<p style=\"text-align: justify;\"><strong><em>SISBEN:<\/em><\/strong>\u00a0\u00a0\u00a0 El Sistema de Selecci\u00f3n de Beneficiarios Para Programas Sociales (SISBEN), Es una encuesta que se hace para determinar la situaci\u00f3n socioecon\u00f3mica de las personas. Con base en sus resultados se asignan subsidios a los m\u00e1s pobres en salud, vivienda, educaci\u00f3n y empleo<\/p>\n<p style=\"text-align: justify;\"><strong><em>GLICEMIA<\/em><\/strong>:\u00a0\u00a0\u00a0 La glicemia se define como el valor de los niveles de az\u00facar presentes en un litro de sangre. La az\u00facar que se mide proviene de los alimentos que son ingeridos por el propio organismo, particularmente los carbohidratos. Este nivel de az\u00facar o glicemia es nivelada por varias hormonas, pero sin duda la principal es la insulina secretada por el p\u00e1ncreas. El az\u00facar es trascendental para el desarrollo de las funciones del organismos, pues es una de las fuentes energ\u00e9ticas m\u00e1s importantes. El cerebro y los gl\u00f3bulos rojos, por ejemplo, dependen totalmente de la glicemia para poder cumplir efectivamente sus roles en el cuerpo.<\/p>\n<p style=\"text-align: justify;\"><strong><em>PROMOCI\u00d3N Y PREVENCI\u00d3N<\/em><\/strong>:\u00a0\u00a0 La Promoci\u00f3n de la Salud y la Prevenci\u00f3n de la Enfermedad son todas aquellas acciones, procedimientos e intervenciones integrales, orientadas a que la poblaci\u00f3n, como individuos y como familias, mejoren sus condiciones para vivir y disfrutar de una vida saludable y para mantenerse sanos.<\/p>\n<p style=\"text-align: justify;\">El prop\u00f3sito de los programas de Promoci\u00f3n y Prevenci\u00f3n es ofrecer servicios integrales que potencialicen la salud de los afiliados y sus familias, y promuevan en ellos una vida m\u00e1s digna, feliz, placentera y productiva.<\/p>\n<p style=\"text-align: justify;\">Por su naturaleza, estos programas son una responsabilidad compartida entre las personas, las familias, las organizaciones, las IPS y la EPS<\/p>\n<p style=\"text-align: justify;\"><strong><em>COLESTEROL<\/em><\/strong>:\u00a0\u00a0 El colesterol es una sustancia serosa que su cuerpo utiliza para proteger los nervios, formar tejidos celulares y producir ciertas hormonas. El h\u00edgado fabrica todo el colesterol que su cuerpo necesita. El colesterol tambi\u00e9n puede provenir directamente de la comida que usted ingiere; por ejemplo huevos, carnes y productos l\u00e1cteos. El exceso de colesterol puede tener un impacto negativo sobre su salud<\/p>\n","protected":false},"excerpt":{"rendered":"<p>DEFINICI\u00d3N DE CONCEPTOS EN EL \u00c1REA DE LA SALUD Y \u00daTILES PARA EL USUARIO DE LA E.S.E. CL\u00cdNICA GUANE DE FLORIDABLANCA SISBEN:\u00a0\u00a0\u00a0 El Sistema de Selecci\u00f3n de Beneficiarios Para Programas Sociales (SISBEN), Es una encuesta que se hace para determinar la situaci\u00f3n socioecon\u00f3mica de las personas. Con base en sus resultados se asignan subsidios a [&hellip;]<\/p>\n","protected":false},"author":1,"featured_media":0,"parent":196,"menu_order":0,"comment_status":"closed","ping_status":"open","template":"","meta":{"_exactmetrics_skip_tracking":false,"_exactmetrics_sitenote_active":false,"_exactmetrics_sitenote_note":"","_exactmetrics_sitenote_category":0},"_links":{"self":[{"href":"http:\/\/clinicaguane.gov.co\/guane\/wp-json\/wp\/v2\/pages\/508"}],"collection":[{"href":"http:\/\/clinicaguane.gov.co\/guane\/wp-json\/wp\/v2\/pages"}],"about":[{"href":"http:\/\/clinicaguane.gov.co\/guane\/wp-json\/wp\/v2\/types\/page"}],"author":[{"embeddable":true,"href":"http:\/\/clinicaguane.gov.co\/guane\/wp-json\/wp\/v2\/users\/1"}],"replies":[{"embeddable":true,"href":"http:\/\/clinicaguane.gov.co\/guane\/wp-json\/wp\/v2\/comments?post=508"}],"version-history":[{"count":0,"href":"http:\/\/clinicaguane.gov.co\/guane\/wp-json\/wp\/v2\/pages\/508\/revisions"}],"up":[{"embeddable":true,"href":"http:\/\/clinicaguane.gov.co\/guane\/wp-json\/wp\/v2\/pages\/196"}],"wp:attachment":[{"href":"http:\/\/clinicaguane.gov.co\/guane\/wp-json\/wp\/v2\/media?parent=508"}],"curies":[{"name":"wp","href":"https:\/\/api.w.org\/{rel}","templated":true}]}}