{"id":514,"date":"2011-12-22T21:43:23","date_gmt":"2011-12-22T21:43:23","guid":{"rendered":"http:\/\/clinicaguane.gov.co\/guane\/siteguane\/?page_id=514"},"modified":"2011-12-22T21:43:23","modified_gmt":"2011-12-22T21:43:23","slug":"preguntas-frecuentes","status":"publish","type":"page","link":"http:\/\/clinicaguane.gov.co\/guane\/servicios-de-informacion\/preguntas-frecuentes\/","title":{"rendered":"Preguntas Frecuentes"},"content":{"rendered":"<table>\n<tbody>\n<tr>\n<td valign=\"top\">\n<h1 style=\"text-align: justify;\">Preguntas Frecuentes<\/h1>\n<p style=\"text-align: justify;\"><a href=\"#p1\">Cu\u00e1ntos\u00a0niveles de atenci\u00f3n\u00a0en salud hay en Colombia?<\/a><\/p>\n<p style=\"text-align: justify;\"><a href=\"#p2\">Qu\u00e9 servicios prestan cada uno de los niveles de atenci\u00f3n\u00a0en salud?<\/a><\/p>\n<p style=\"text-align: justify;\"><a href=\"#p3\">En qu\u00e9 nivel de atenci\u00f3n se encuentra la E.S.E. CL\u00cdNICA GUANE DE FLORIDABLANCA<\/a><\/p>\n<p style=\"text-align: justify;\"><a href=\"#p4\">Qu\u00e9 significa estar afiliado al R\u00e9gimen Contributivo?<\/a><\/p>\n<p style=\"text-align: justify;\"><a href=\"#p5\">Qu\u00e9 siginfica estar afiliado al R\u00e9gimen Subsidiado?<\/a><\/p>\n<p style=\"text-align: justify;\"><a href=\"#p6\">C\u00f3mo se puede obtener la afiliaci\u00f3n al R\u00e9gimem Subsidiado?<\/a><\/p>\n<p style=\"text-align: justify;\"><strong><a id=\"p1\"><\/a><em>Cu\u00e1ntos\u00a0niveles de atenci\u00f3n\u00a0en salud hay en Colombia?<\/em><\/strong><\/p>\n<p style=\"text-align: justify;\">Exiten b\u00e1sicamenet tres niveles de atenci\u00f3n en salud:<\/p>\n<p style=\"text-align: justify;\">Primel nivel, llamada tambi\u00e9n de baja complejidad<\/p>\n<p style=\"text-align: justify;\">Segundo nivel, llamada tambi\u00e9n mediana complegidad<\/p>\n<p style=\"text-align: justify;\">Tercer nivel, llamada tambi\u00e9n alta complegidad<\/p>\n<p style=\"text-align: justify;\"><strong><a id=\"p2\"><\/a><em>Qu\u00e9 servicios prestan cada uno de los niveles de atenci\u00f3n en salud?<\/em><\/strong><\/p>\n<p style=\"text-align: justify;\">El primer niviel o de baja complejidad: Son aquellas instituciones que habilitan y acreditan en su mayoria servicios considerados de baja complejidad y se dedican a realizar intervenciones y actividades de promoci\u00f3n de la salud y prevenci\u00f3n de la enfermedad as\u00ed como tambi\u00e9n consulta m\u00e9dica y odontol\u00f3gica, internaci\u00f3n y atenci\u00f3n de urgencias y partos de baja complejidad y servicios de ayuda diagn\u00f3stica b\u00e1sicos en lo que se denomina primer nivel de atenci\u00f3n<\/p>\n<p style=\"text-align: justify;\">Segundo nivel o de Mediana complejidad: Son instituciones que cuentan con atenci\u00f3n de las especialidades b\u00e1sicas como lo son pediatr\u00eda, cirug\u00eda general, medicina interna, ortopedia y ginecobstetricia con disponibilidad las 24 horas en internaci\u00f3n y valoraci\u00f3n de urgencias, adem\u00e1s ofrecen servicios de consulta externa por especialista y laboratorios de mayor complejidad, en lo que es el segundo nivel de atenci\u00f3n<\/p>\n<p style=\"text-align: justify;\">Tercer nivel o de Alta complejidad: Cuentan con servicios de alta comlejidad que incluyen especialidades tales como neurocirug\u00eda, cirug\u00eda vascular, neumolog\u00eda, nefrolog\u00eda, dermatolog\u00eda, etc. con atenci\u00f3n por especialista las 24 horas, consulta, servicio de urgencias, radiolog\u00eda intervencionista, medicina nuclear, unidades especiales como cuidados intensivos y unidad renal. Estas nstituciones con servicios de alta complejidad atienden el tercer nivel de atenci\u00f3n, que incluye casos y eventos o tratamientos considerados como de alto costo en el POS.<\/p>\n<p style=\"text-align: justify;\"><strong><a id=\"p3\"><\/a><em>En qu\u00e9 nivel de atenci\u00f3n se encuentra la E.S.E. CL\u00cdNICA GUANE DE FLORIDABLANCA<\/em><\/strong><\/p>\n<p style=\"text-align: justify;\">La E.S.E. CL\u00cdNICA GUANE DE FLORIDABLANCA presta el servicio de atenci\u00f3n de primer nivel.<\/p>\n<p><a id=\"p4\"><\/a><\/p>\n<p style=\"text-align: justify;\"><strong><em>Qu\u00e9 significa estar afiliado al R\u00e9gimen Contributivo?<\/em><\/strong><\/p>\n<p style=\"text-align: justify;\">El r\u00e9gimen contributivo es el sistema de salud mediante el cual todas las personas\u00a0\u00a0vinculadas a trav\u00e9s de contrato de trabajo (empleados) ,\u00a0los pensionados y los trabajadores independientes con capacidad de pago, hacen un aporte mensual (llamada cotizaci\u00f3n) al sistema de salud pagando directamente a las EPS (Saludcoop, comeva, Finsema, Solsalud,\u00a0Saludvida, etc)\u00a0lo correspondiente seg\u00fan la ley para que a su vez \u00e9stas contraten los servicios de salud con las IPS o los presten directamente a todas y cada una de las personas afiliadas y sus beneficiarios (familiares). Seg\u00fan la ley todos los empleados, trabajadores independientes (con ingresos totales mensuales a un (1) salario m\u00ednimo) y los pensionados, deben estar afiliados al R\u00e9gimen Contributivo. La responsabilidad de la afiliaci\u00f3n del empleado es del empleador y del pensionado es del Fondo de Pensiones.<\/p>\n<p style=\"text-align: justify;\">El aporte a salud debe ser el 12.5% del salario base de cotizaci\u00f3n, porcentaje que asume en su totalidad los trabajadores independientes, y en caso de los empleados \u00e9ste asume el 4% y el empleador el 8.5%.<\/p>\n<p style=\"text-align: justify;\">El empleado, escoge la EPS que prefiere y se lo comunica al empleador junto con los datos de su familia<\/p>\n<p style=\"text-align: justify;\"><strong><a id=\"p5\"><\/a><em>Qu\u00e9 siginfica estar afiliado al R\u00e9gimen Subsidiado?<\/em><\/strong><\/p>\n<p style=\"text-align: justify;\">El R\u00e9gimen Subsidiano es el sistema de salud que acoge a la poblaci\u00f3n pobre, desplazada \u00a0y vulnerable quen no cuenta con un ingreso econ\u00f3mico que le permita cotizar al otro sistema (el llamado contributivo) por lo tanto quienes ingresan al r\u00e9gimen subsidiado \u00a0reciben subsidios totales o parciales por la atenci\u00f3n m\u00e9dica, diagn\u00f3stica, formulas.<\/p>\n<p style=\"text-align: justify;\"><strong><a id=\"p6\"><\/a><em>C\u00f3mo se puede obtener la afiliaci\u00f3n al R\u00e9gimem Subsidiado?<\/em><\/strong><\/p>\n<p style=\"text-align: justify;\">Cada municipio identifica la poblaci\u00f3n potencial de pertenecer al R\u00e9gimen Subsidiado mediante la aplicaci\u00f3n de la\u00a0<strong>Encuesta Sisb\u00e9n<\/strong>\u00a0o Sistema de Selecci\u00f3n de Beneficiarios.<\/p>\n<\/td>\n<\/tr>\n<\/tbody>\n<\/table>\n","protected":false},"excerpt":{"rendered":"<p>Preguntas Frecuentes Cu\u00e1ntos\u00a0niveles de atenci\u00f3n\u00a0en salud hay en Colombia? Qu\u00e9 servicios prestan cada uno de los niveles de atenci\u00f3n\u00a0en salud? En qu\u00e9 nivel de atenci\u00f3n se encuentra la E.S.E. CL\u00cdNICA GUANE DE FLORIDABLANCA Qu\u00e9 significa estar afiliado al R\u00e9gimen Contributivo? Qu\u00e9 siginfica estar afiliado al R\u00e9gimen Subsidiado? C\u00f3mo se puede obtener la afiliaci\u00f3n al R\u00e9gimem [&hellip;]<\/p>\n","protected":false},"author":1,"featured_media":0,"parent":196,"menu_order":0,"comment_status":"closed","ping_status":"open","template":"","meta":{"_exactmetrics_skip_tracking":false,"_exactmetrics_sitenote_active":false,"_exactmetrics_sitenote_note":"","_exactmetrics_sitenote_category":0},"_links":{"self":[{"href":"http:\/\/clinicaguane.gov.co\/guane\/wp-json\/wp\/v2\/pages\/514"}],"collection":[{"href":"http:\/\/clinicaguane.gov.co\/guane\/wp-json\/wp\/v2\/pages"}],"about":[{"href":"http:\/\/clinicaguane.gov.co\/guane\/wp-json\/wp\/v2\/types\/page"}],"author":[{"embeddable":true,"href":"http:\/\/clinicaguane.gov.co\/guane\/wp-json\/wp\/v2\/users\/1"}],"replies":[{"embeddable":true,"href":"http:\/\/clinicaguane.gov.co\/guane\/wp-json\/wp\/v2\/comments?post=514"}],"version-history":[{"count":0,"href":"http:\/\/clinicaguane.gov.co\/guane\/wp-json\/wp\/v2\/pages\/514\/revisions"}],"up":[{"embeddable":true,"href":"http:\/\/clinicaguane.gov.co\/guane\/wp-json\/wp\/v2\/pages\/196"}],"wp:attachment":[{"href":"http:\/\/clinicaguane.gov.co\/guane\/wp-json\/wp\/v2\/media?parent=514"}],"curies":[{"name":"wp","href":"https:\/\/api.w.org\/{rel}","templated":true}]}}