{"id":527,"date":"2011-12-26T17:06:01","date_gmt":"2011-12-26T17:06:01","guid":{"rendered":"http:\/\/clinicaguane.gov.co\/guane\/siteguane\/?page_id=527"},"modified":"2011-12-26T17:06:01","modified_gmt":"2011-12-26T17:06:01","slug":"riesgo-cardio-vascular","status":"publish","type":"page","link":"http:\/\/clinicaguane.gov.co\/guane\/servicios\/prevencion-y-promcion\/riesgo-cardio-vascular\/","title":{"rendered":"Riesgo Cardiovascular"},"content":{"rendered":"<p><img loading=\"lazy\" class=\"wp-image-743 alignleft\" title=\"Riesgo Cardiovascular\" src=\"http:\/\/clinicaguane.gov.co\/guane\/siteguane\/wp-content\/uploads\/2011\/12\/Riesgo-Cardiovascular.jpg\" alt=\"\" width=\"188\" height=\"147\" \/><\/p>\n<div style=\"text-align: justify;\">El programa de riesgo cardiovascular est\u00e1 dirigido a los pacientes con HTA, DM y dislipidemias, el cual busca brindar una atenci\u00f3n interdisciplinaria (medico, enfermera jefe, nutrici\u00f3n, psicolog\u00eda, fisioterapia, etc) para lograr cambios en estilos de vida que se vean reflejados en el control de factores de riesgo modificables y adherencia al tratamiento farmacol\u00f3gico con el \u00fanico fin de evitar las complicaciones tempranas que afecten la calidad de vida de los pacientes.<\/div>\n<div style=\"text-align: justify;\"><\/div>\n<div style=\"text-align: justify;\"><\/div>\n<div style=\"text-align: justify;\"><\/div>\n<div style=\"text-align: justify;\"><\/div>\n<div style=\"text-align: justify;\"><\/div>\n<div style=\"text-align: justify;\"><\/div>\n<p><img loading=\"lazy\" class=\"wp-image-853 alignnone\" style=\"border-style: initial; border-color: initial;\" title=\"Control Cardio02\" src=\"http:\/\/clinicaguane.gov.co\/guane\/siteguane\/wp-content\/uploads\/2011\/12\/Control-Cardio02.png\" alt=\"\" width=\"248\" height=\"186\" \/><\/p>\n<p>&nbsp;<\/p>\n<p>&nbsp;<\/p>\n","protected":false},"excerpt":{"rendered":"<p>El programa de riesgo cardiovascular est\u00e1 dirigido a los pacientes con HTA, DM y dislipidemias, el cual busca brindar una atenci\u00f3n interdisciplinaria (medico, enfermera jefe, nutrici\u00f3n, psicolog\u00eda, fisioterapia, etc) para lograr cambios en estilos de vida que se vean reflejados en el control de factores de riesgo modificables y adherencia al tratamiento farmacol\u00f3gico con el [&hellip;]<\/p>\n","protected":false},"author":1,"featured_media":0,"parent":102,"menu_order":0,"comment_status":"closed","ping_status":"open","template":"","meta":{"_exactmetrics_skip_tracking":false,"_exactmetrics_sitenote_active":false,"_exactmetrics_sitenote_note":"","_exactmetrics_sitenote_category":0},"_links":{"self":[{"href":"http:\/\/clinicaguane.gov.co\/guane\/wp-json\/wp\/v2\/pages\/527"}],"collection":[{"href":"http:\/\/clinicaguane.gov.co\/guane\/wp-json\/wp\/v2\/pages"}],"about":[{"href":"http:\/\/clinicaguane.gov.co\/guane\/wp-json\/wp\/v2\/types\/page"}],"author":[{"embeddable":true,"href":"http:\/\/clinicaguane.gov.co\/guane\/wp-json\/wp\/v2\/users\/1"}],"replies":[{"embeddable":true,"href":"http:\/\/clinicaguane.gov.co\/guane\/wp-json\/wp\/v2\/comments?post=527"}],"version-history":[{"count":0,"href":"http:\/\/clinicaguane.gov.co\/guane\/wp-json\/wp\/v2\/pages\/527\/revisions"}],"up":[{"embeddable":true,"href":"http:\/\/clinicaguane.gov.co\/guane\/wp-json\/wp\/v2\/pages\/102"}],"wp:attachment":[{"href":"http:\/\/clinicaguane.gov.co\/guane\/wp-json\/wp\/v2\/media?parent=527"}],"curies":[{"name":"wp","href":"https:\/\/api.w.org\/{rel}","templated":true}]}}