{"id":538,"date":"2011-12-26T17:14:25","date_gmt":"2011-12-26T17:14:25","guid":{"rendered":"http:\/\/clinicaguane.gov.co\/guane\/siteguane\/?page_id=538"},"modified":"2011-12-26T17:14:25","modified_gmt":"2011-12-26T17:14:25","slug":"vacunacion","status":"publish","type":"page","link":"http:\/\/clinicaguane.gov.co\/guane\/servicios\/prevencion-y-promcion\/vacunacion\/","title":{"rendered":"Vacunaci\u00f3n"},"content":{"rendered":"<p><a href=\"http:\/\/clinicaguane.gov.co\/guane\/siteguane\/wp-content\/uploads\/2011\/12\/vacunacion1.gif\"><img loading=\"lazy\" class=\"wp-image-762 alignright\" style=\"border-style: initial; border-color: initial;\" title=\"vacunacion\" src=\"http:\/\/clinicaguane.gov.co\/guane\/siteguane\/wp-content\/uploads\/2011\/12\/vacunacion1.gif\" alt=\"\" width=\"190\" height=\"114\" \/><\/a><\/p>\n<p style=\"text-align: justify;\"><img loading=\"lazy\" class=\" wp-image-844 alignleft\" title=\"Vacunacion\" src=\"http:\/\/clinicaguane.gov.co\/guane\/siteguane\/wp-content\/uploads\/2011\/12\/Vacunacion.png\" alt=\"\" width=\"198\" height=\"190\" \/>El servicio de vacunaci\u00f3n seg\u00fan el esquema del programa ampliado de inmunizaciones (PAI), el cual inicia desde el nacimiento y es totalmente gratuito. El objetivo es lograr que el 100% de la poblaci\u00f3n reciba todos los biol\u00f3gicos tal como lo indica el esquema, para evitar as\u00ed las complicaciones a las cuales puede estar expuesto un paciente si llegase a contraer alguna de estas enfermedades.<\/p>\n<p><a style=\"text-align: justify;\" href=\"http:\/\/clinicaguane.gov.co\/guane\/siteguane\/wp-content\/uploads\/2011\/12\/Vacunacion011.png\"><img loading=\"lazy\" class=\" wp-image-843 alignleft\" style=\"border-style: initial; border-color: initial;\" title=\"Vacunacion01\" src=\"http:\/\/clinicaguane.gov.co\/guane\/siteguane\/wp-content\/uploads\/2011\/12\/Vacunacion011.png\" alt=\"\" width=\"215\" height=\"160\" \/><\/a><\/p>\n<div>\n<div style=\"text-align: justify;\"><span style=\"color: #0000ee;\"><span style=\"text-decoration: underline;\"><br \/>\n<\/span><\/span><\/div>\n<p>&nbsp;<\/p>\n<\/div>\n","protected":false},"excerpt":{"rendered":"<p>El servicio de vacunaci\u00f3n seg\u00fan el esquema del programa ampliado de inmunizaciones (PAI), el cual inicia desde el nacimiento y es totalmente gratuito. El objetivo es lograr que el 100% de la poblaci\u00f3n reciba todos los biol\u00f3gicos tal como lo indica el esquema, para evitar as\u00ed las complicaciones a las cuales puede estar expuesto un [&hellip;]<\/p>\n","protected":false},"author":1,"featured_media":0,"parent":102,"menu_order":0,"comment_status":"closed","ping_status":"open","template":"","meta":{"_exactmetrics_skip_tracking":false,"_exactmetrics_sitenote_active":false,"_exactmetrics_sitenote_note":"","_exactmetrics_sitenote_category":0},"_links":{"self":[{"href":"http:\/\/clinicaguane.gov.co\/guane\/wp-json\/wp\/v2\/pages\/538"}],"collection":[{"href":"http:\/\/clinicaguane.gov.co\/guane\/wp-json\/wp\/v2\/pages"}],"about":[{"href":"http:\/\/clinicaguane.gov.co\/guane\/wp-json\/wp\/v2\/types\/page"}],"author":[{"embeddable":true,"href":"http:\/\/clinicaguane.gov.co\/guane\/wp-json\/wp\/v2\/users\/1"}],"replies":[{"embeddable":true,"href":"http:\/\/clinicaguane.gov.co\/guane\/wp-json\/wp\/v2\/comments?post=538"}],"version-history":[{"count":0,"href":"http:\/\/clinicaguane.gov.co\/guane\/wp-json\/wp\/v2\/pages\/538\/revisions"}],"up":[{"embeddable":true,"href":"http:\/\/clinicaguane.gov.co\/guane\/wp-json\/wp\/v2\/pages\/102"}],"wp:attachment":[{"href":"http:\/\/clinicaguane.gov.co\/guane\/wp-json\/wp\/v2\/media?parent=538"}],"curies":[{"name":"wp","href":"https:\/\/api.w.org\/{rel}","templated":true}]}}