{"id":6404,"date":"2020-10-12T15:52:57","date_gmt":"2020-10-12T20:52:57","guid":{"rendered":"http:\/\/clinicaguane.gov.co\/guane\/?page_id=6404"},"modified":"2020-10-14T21:48:46","modified_gmt":"2020-10-15T02:48:46","slug":"datos-abiertos","status":"publish","type":"page","link":"http:\/\/clinicaguane.gov.co\/guane\/datos-abiertos\/","title":{"rendered":"DATOS ABIERTOS"},"content":{"rendered":"\n<p>\u00a0<\/p>\n<p>CONOCE LOS DATOS ABIERTOS DE LA ENTIDAD &#8211; <a href=\"https:\/\/www.datos.gov.co\/dataset\/PEHIRS-CLINICA-GUANE\/x7s2-kun5\">VER AQUI<\/a>\u00a0<\/p>\n<ul>\n<li>\n<h3><a href=\"https:\/\/clinicaguane.gov.co\/guane\/registro-activos-de-informacion\/\">Registro Activos de Informaci\u00f3n<\/a><\/h3>\n<\/li>\n<li>\n<h3><a href=\"https:\/\/clinicaguane.gov.co\/guane\/esquema-de-publicacion\/\">Esquema de publicaci\u00f3n<\/a><\/h3>\n<\/li>\n<li>\n<h3><a href=\"https:\/\/clinicaguane.gov.co\/guane\/indice-de-informacion-clasificada\/\">\u00cdndice de informaci\u00f3n clasificada<\/a><\/h3>\n<\/li>\n<\/ul>\n","protected":false},"excerpt":{"rendered":"<p>\u00a0 CONOCE LOS DATOS ABIERTOS DE LA ENTIDAD &#8211; VER AQUI\u00a0 Registro Activos de Informaci\u00f3n Esquema de publicaci\u00f3n \u00cdndice de informaci\u00f3n clasificada<\/p>\n","protected":false},"author":2,"featured_media":0,"parent":0,"menu_order":0,"comment_status":"closed","ping_status":"closed","template":"","meta":{"_exactmetrics_skip_tracking":false,"_exactmetrics_sitenote_active":false,"_exactmetrics_sitenote_note":"","_exactmetrics_sitenote_category":0},"_links":{"self":[{"href":"http:\/\/clinicaguane.gov.co\/guane\/wp-json\/wp\/v2\/pages\/6404"}],"collection":[{"href":"http:\/\/clinicaguane.gov.co\/guane\/wp-json\/wp\/v2\/pages"}],"about":[{"href":"http:\/\/clinicaguane.gov.co\/guane\/wp-json\/wp\/v2\/types\/page"}],"author":[{"embeddable":true,"href":"http:\/\/clinicaguane.gov.co\/guane\/wp-json\/wp\/v2\/users\/2"}],"replies":[{"embeddable":true,"href":"http:\/\/clinicaguane.gov.co\/guane\/wp-json\/wp\/v2\/comments?post=6404"}],"version-history":[{"count":3,"href":"http:\/\/clinicaguane.gov.co\/guane\/wp-json\/wp\/v2\/pages\/6404\/revisions"}],"predecessor-version":[{"id":6457,"href":"http:\/\/clinicaguane.gov.co\/guane\/wp-json\/wp\/v2\/pages\/6404\/revisions\/6457"}],"wp:attachment":[{"href":"http:\/\/clinicaguane.gov.co\/guane\/wp-json\/wp\/v2\/media?parent=6404"}],"curies":[{"name":"wp","href":"https:\/\/api.w.org\/{rel}","templated":true}]}}