{"id":8577,"date":"2024-06-26T16:21:43","date_gmt":"2024-06-26T21:21:43","guid":{"rendered":"http:\/\/clinicaguane.gov.co\/guane\/?page_id=8577"},"modified":"2024-06-26T16:21:44","modified_gmt":"2024-06-26T21:21:44","slug":"convocatoria-banco-de-hojas-de-vida","status":"publish","type":"page","link":"http:\/\/clinicaguane.gov.co\/guane\/convocatoria-banco-de-hojas-de-vida\/","title":{"rendered":"CONVOCATORIA BANCO DE HOJAS DE VIDA"},"content":{"rendered":"\n<h3>La E.S.E Cl\u00ednica Guane y su R.I.S invita a la ciudadan\u00eda a postular su hoja de vida cumpliendo con los perfiles en menci\u00f3n:<\/h3>\n<h3>-Profesional fisioterapeuta<br \/>-Trabajador social<br \/>-Auxiliar en salud p\u00fablica<br \/>-Auxiliar en salud oral<br \/>-Promotor de salud<br \/>-Auxiliares de enfermer\u00eda<br \/>-Profesional en psicolog\u00eda<br \/>-Profesional en medicina<br \/>-Profesional en enfermer\u00eda<br \/>-Profesional en nutrici\u00f3n y diet\u00e9tica<br \/>Para aplicar en proceso de selecci\u00f3n del programa de equipos b\u00e1sicos en salud de atenci\u00f3n primaria<\/h3>\n<h3>Si cumple con los requisitos, radica tu hoja de vida con nosotros<br \/>Cl\u00ednica Guane Ventanilla \u00danica &#8211; 6to piso<br \/>Cl 4 7-01, Floridablanca, Santander<br \/>Fecha l\u00edmite hasta el 5 de julio de 2024<\/h3>\n<p>\u00a0<\/p>\n<div id=\"attachment_8576\" style=\"width: 1930px\" class=\"wp-caption alignnone\"><a href=\"http:\/\/clinicaguane.gov.co\/guane\/wp-content\/uploads\/2024\/06\/convocatoria-banco-hojas-de-vida.png\"><img aria-describedby=\"caption-attachment-8576\" loading=\"lazy\" id=\"longdesc-return-8576\" class=\"size-full wp-image-8576\" tabindex=\"-1\" src=\"http:\/\/clinicaguane.gov.co\/guane\/wp-content\/uploads\/2024\/06\/convocatoria-banco-hojas-de-vida.png\" alt=\"convocatoria banco hojas de vida para perfiles profesionales hasta el 05 de julio de 2024\" width=\"1920\" height=\"1080\" longdesc=\"http:\/\/clinicaguane.gov.co\/guane?longdesc=8576&amp;referrer=8577\" srcset=\"http:\/\/clinicaguane.gov.co\/guane\/wp-content\/uploads\/2024\/06\/convocatoria-banco-hojas-de-vida.png 1920w, http:\/\/clinicaguane.gov.co\/guane\/wp-content\/uploads\/2024\/06\/convocatoria-banco-hojas-de-vida-300x169.png 300w, http:\/\/clinicaguane.gov.co\/guane\/wp-content\/uploads\/2024\/06\/convocatoria-banco-hojas-de-vida-1024x576.png 1024w, http:\/\/clinicaguane.gov.co\/guane\/wp-content\/uploads\/2024\/06\/convocatoria-banco-hojas-de-vida-768x432.png 768w, http:\/\/clinicaguane.gov.co\/guane\/wp-content\/uploads\/2024\/06\/convocatoria-banco-hojas-de-vida-1536x864.png 1536w, http:\/\/clinicaguane.gov.co\/guane\/wp-content\/uploads\/2024\/06\/convocatoria-banco-hojas-de-vida-640x360.png 640w, http:\/\/clinicaguane.gov.co\/guane\/wp-content\/uploads\/2024\/06\/convocatoria-banco-hojas-de-vida-400x225.png 400w, http:\/\/clinicaguane.gov.co\/guane\/wp-content\/uploads\/2024\/06\/convocatoria-banco-hojas-de-vida-367x206.png 367w\" sizes=\"(max-width: 1920px) 100vw, 1920px\" \/><\/a><p id=\"caption-attachment-8576\" class=\"wp-caption-text\">convocatoria banco hojas de vida para perfiles profesionales hasta el 05 de julio de 2024<\/p><\/div>\n","protected":false},"excerpt":{"rendered":"<p>La E.S.E Cl\u00ednica Guane y su R.I.S invita a la ciudadan\u00eda a postular su hoja de vida cumpliendo con los perfiles en menci\u00f3n: -Profesional fisioterapeuta-Trabajador social-Auxiliar en salud p\u00fablica-Auxiliar en salud oral-Promotor de salud-Auxiliares de enfermer\u00eda-Profesional en psicolog\u00eda-Profesional en medicina-Profesional en enfermer\u00eda-Profesional en nutrici\u00f3n y diet\u00e9ticaPara aplicar en proceso de selecci\u00f3n del programa de equipos [&hellip;]<\/p>\n","protected":false},"author":2,"featured_media":0,"parent":0,"menu_order":0,"comment_status":"closed","ping_status":"closed","template":"","meta":{"_exactmetrics_skip_tracking":false,"_exactmetrics_sitenote_active":false,"_exactmetrics_sitenote_note":"","_exactmetrics_sitenote_category":0},"_links":{"self":[{"href":"http:\/\/clinicaguane.gov.co\/guane\/wp-json\/wp\/v2\/pages\/8577"}],"collection":[{"href":"http:\/\/clinicaguane.gov.co\/guane\/wp-json\/wp\/v2\/pages"}],"about":[{"href":"http:\/\/clinicaguane.gov.co\/guane\/wp-json\/wp\/v2\/types\/page"}],"author":[{"embeddable":true,"href":"http:\/\/clinicaguane.gov.co\/guane\/wp-json\/wp\/v2\/users\/2"}],"replies":[{"embeddable":true,"href":"http:\/\/clinicaguane.gov.co\/guane\/wp-json\/wp\/v2\/comments?post=8577"}],"version-history":[{"count":1,"href":"http:\/\/clinicaguane.gov.co\/guane\/wp-json\/wp\/v2\/pages\/8577\/revisions"}],"predecessor-version":[{"id":8578,"href":"http:\/\/clinicaguane.gov.co\/guane\/wp-json\/wp\/v2\/pages\/8577\/revisions\/8578"}],"wp:attachment":[{"href":"http:\/\/clinicaguane.gov.co\/guane\/wp-json\/wp\/v2\/media?parent=8577"}],"curies":[{"name":"wp","href":"https:\/\/api.w.org\/{rel}","templated":true}]}}