{"id":89,"date":"2011-12-14T17:50:51","date_gmt":"2011-12-14T17:50:51","guid":{"rendered":"http:\/\/clinicaguane.gov.co\/guane\/siteguane\/?page_id=89"},"modified":"2021-11-29T11:26:08","modified_gmt":"2021-11-29T16:26:08","slug":"organigrama","status":"publish","type":"page","link":"http:\/\/clinicaguane.gov.co\/guane\/organigrama\/","title":{"rendered":"Organigrama"},"content":{"rendered":"<p><a href=\"http:\/\/clinicaguane.gov.co\/guane\/wp-content\/uploads\/2011\/12\/organigrama.jpg\"><img loading=\"lazy\" class=\"aligncenter wp-image-2476 size-full\" src=\"http:\/\/clinicaguane.gov.co\/guane\/wp-content\/uploads\/2011\/12\/organigrama.jpg\" alt=\"organigrama Institucional\" width=\"600\" height=\"800\" \/><\/a><\/p>\n<p><strong>GERENCIA:<\/strong>\u00a0Dirigir la Empresa Social del Estado, fundamentado en Criterios de la administraci\u00f3n adecuada de los recursos, la mejora continua de la calidad, el desarrollo social y la sostenibilidad financiera, teniendo como base los lineamientos establecidos sectorialmente y la normativa vigente.<\/p>\n<p><strong>SUBDIRECTOR ADMINISTRATIVO Y FINANCIERO:<\/strong>\u00a0Apoyar a la Gerencia de la E.S.E. Cl\u00ednica Guane y su RIS, en la implementaci\u00f3n y ejecuci\u00f3n de los<br \/>\nplanes, programas y proyectos, en todos los aspectos relacionados con la disponibilidad y buen uso de los recursos financieros; As\u00ed como el desarrollo y administraci\u00f3n del talento humano, garantizando el<br \/>\nlogro de la misi\u00f3n institucional en todas sus \u00e1reas y el ejercicio de sus facultades constitucionales, legales y estatutarias.<\/p>\n<p><strong>SUBDIRECTOR CIENTIFICO:<\/strong>\u00a0Ejecutar labores de Direcci\u00f3n, organizaci\u00f3n, planeaci\u00f3n y control del \u00e1rea de prestaci\u00f3n de servicios de salud, que garanticen el desarrollo coordinado de los programas y metas reviamente establecidas y el avance cient\u00edfico de la E.S.E.. Cl\u00ednica Guane y su Red Integral de Salud.<\/p>\n<p><strong>JEFE OFICINA DE CONTROL INTERNO<\/strong>:\u00a0Aplicar los principios de control interno para proporcionar asesor\u00eda y apoyo directo a la Gerencia y<br \/>\ngarantizar la generaci\u00f3n y registro de informaci\u00f3n oportuna y confiable necesaria para la toma de decisiones en cumplimiento de la misi\u00f3n y el marco legal.<\/p>\n<p><strong>JEFE OFICINA DE CONTROL INTERNO DISCIPLINARIO:\u00a0<\/strong>Aplicar los principios de control interno Disciplinario para proporcionar apoyo directo a la Gerencia,\u00a0Adelantando el proceso disciplinario en primera instancia frente a los empleados de la E.S.E. Cl\u00ednica\u00a0Guane y su RIS, conforme a las normas y procedimientos vigentes.<\/p>\n<p><strong>JEFE OFICINA ASESORA\u00a0<\/strong><b>JUR\u00cdDICA<\/b>:\u00a0Asesorar Jur\u00eddicamente a la E.S.E. Cl\u00ednica Guane y su RIS, garantizando que todas las acciones<br \/>\ndesarrolladas en el cumplimiento de sus funciones, est\u00e9n ajustadas a los mandatos legales, a favor de la eficiencia y efectividad en su desarrollo, la protecci\u00f3n del bien p\u00fablico y la transparencia en su ejecuci\u00f3n.<\/p>\n<p><strong>TESORERO GENERAL:<\/strong>\u00a0\u00a0Ejecutar las acciones necesarias para el recaudo de los servicios prestados y su administraci\u00f3n, orientada a la autogesti\u00f3n, equilibrio de los ingresos y los gastos, soportada en procesos permanentes<br \/>\nde mejoramiento continuo de capacitaci\u00f3n, de inversi\u00f3n y atenci\u00f3n de los compromisos de la E.S.E. Cl\u00ednica Guane y su RIS.<\/p>\n<p><strong>ALMACENISTA GENERAL:\u00a0\u00a0<\/strong>Establecer un sistema de almac\u00e9n efectivo a trav\u00e9s del plan de compras, de tal manera que anticipe las necesidades de recursos de la entidad, buscando racionalizar los procedimientos necesarios para lograr un efectivo nivel de suministro, tanto en las calidades como en las cantidades, contribuyendo de esta forma al logro de los objetivos propuestos<\/p>\n<p><strong>JEFE OFICINA DE PLANEACION Y PRESUPUESTO:<\/strong>\u00a0Ejecutar labores de planeaci\u00f3n, para proporcionar asesor\u00eda y apoyo a la Gerencia de la E.S.E. Cl\u00ednica Guane y su RIS, en organizaci\u00f3n e implementaci\u00f3n de planes y proyectos para el correcto funcionamiento de la empresa.<\/p>\n<p><strong>SECRETARIO EJECUTIVO:<\/strong>\u00a0Apoyar directamente al Gerente de la E.S.E. Cl\u00ednica Guane y su RIS, con los Clientes internos y externos, desarrollando procesos administrativos en concordancia con las metodolog\u00edas y<br \/>\nprocedimientos establecidos, ajustados a los est\u00e1ndares de calidad Institucionales, administrando el \u00e1rea, para personal interno y externo aplicando los principios del Sistema de Gesti\u00f3n Documental.<\/p>\n","protected":false},"excerpt":{"rendered":"<p>GERENCIA:\u00a0Dirigir la Empresa Social del Estado, fundamentado en Criterios de la administraci\u00f3n adecuada de los recursos, la mejora continua de la calidad, el desarrollo social y la sostenibilidad financiera, teniendo como base los lineamientos establecidos sectorialmente y la normativa vigente. SUBDIRECTOR ADMINISTRATIVO Y FINANCIERO:\u00a0Apoyar a la Gerencia de la E.S.E. Cl\u00ednica Guane y su RIS, [&hellip;]<\/p>\n","protected":false},"author":1,"featured_media":0,"parent":0,"menu_order":0,"comment_status":"closed","ping_status":"closed","template":"","meta":{"_exactmetrics_skip_tracking":false,"_exactmetrics_sitenote_active":false,"_exactmetrics_sitenote_note":"","_exactmetrics_sitenote_category":0},"_links":{"self":[{"href":"http:\/\/clinicaguane.gov.co\/guane\/wp-json\/wp\/v2\/pages\/89"}],"collection":[{"href":"http:\/\/clinicaguane.gov.co\/guane\/wp-json\/wp\/v2\/pages"}],"about":[{"href":"http:\/\/clinicaguane.gov.co\/guane\/wp-json\/wp\/v2\/types\/page"}],"author":[{"embeddable":true,"href":"http:\/\/clinicaguane.gov.co\/guane\/wp-json\/wp\/v2\/users\/1"}],"replies":[{"embeddable":true,"href":"http:\/\/clinicaguane.gov.co\/guane\/wp-json\/wp\/v2\/comments?post=89"}],"version-history":[{"count":8,"href":"http:\/\/clinicaguane.gov.co\/guane\/wp-json\/wp\/v2\/pages\/89\/revisions"}],"predecessor-version":[{"id":11921,"href":"http:\/\/clinicaguane.gov.co\/guane\/wp-json\/wp\/v2\/pages\/89\/revisions\/11921"}],"wp:attachment":[{"href":"http:\/\/clinicaguane.gov.co\/guane\/wp-json\/wp\/v2\/media?parent=89"}],"curies":[{"name":"wp","href":"https:\/\/api.w.org\/{rel}","templated":true}]}}