{"id":503,"date":"2011-12-22T21:35:39","date_gmt":"2011-12-22T21:35:39","guid":{"rendered":"http:\/\/clinicaguane.gov.co\/guane\/siteguane\/?page_id=503"},"modified":"2025-11-23T12:51:15","modified_gmt":"2025-11-23T17:51:15","slug":"politica-de-privacidad-y-seguridad","status":"publish","type":"page","link":"https:\/\/clinicaguane.gov.co\/guane\/servicios-de-informacion\/politica-de-privacidad-y-seguridad\/","title":{"rendered":"Pol\u00edtica de privacidad y Seguridad"},"content":{"rendered":"<h2 style=\"text-align: justify;\">POL\u00cdTICA\u00a0DE PRIVACIDAD<\/h2>\n<p>APLICACI\u00d3N DE LA POL\u00cdTICA DE PRIVACIDAD PARA EL SITIO WEB <strong><a href=\"http:\/\/clinicaguane.gov.co\/guane\/\">http:\/\/clinicaguane.gov.co\/guane\/<\/a><\/strong><\/p>\n<p style=\"text-align: justify;\"><strong>APLICACI\u00d3N<\/strong><\/p>\n<p style=\"text-align: justify;\">Esta pol\u00edtica aplicar\u00e1 para todos los usuarios que hagan uso del as p\u00e1ginas del\u00a0 portal Web de la E.S.E. Cl\u00ednica Guane de Floridablanca <strong><a href=\"http:\/\/clinicaguane.gov.co\/guane\/\">http:\/\/clinicaguane.gov.co\/guane\/<\/a><\/strong> ya sea a trav\u00e9s de la Intranet\u00a0 o de Internet.<\/p>\n<p style=\"text-align: justify;\">El uso de este portal y de sus servicios asume que el usuario conoce y acepta los presentes t\u00e9rminos y que en tal sentido realiza sus gestiones de colaboraci\u00f3n y de cooperaci\u00f3n en la edici\u00f3n y creaci\u00f3n de contenido.<\/p>\n<p style=\"text-align: justify;\"><strong>OBJETIVO DEL PORTAL WEB<\/strong><\/p>\n<p style=\"text-align: justify;\">El portal Web de la E.S.E. Cl\u00ednica Guane, como elemento electr\u00f3nico de divulgaci\u00f3n, comunicaci\u00f3n, transacci\u00f3n e interacci\u00f3n, es\u00a0 un bien p\u00fablico de la ciudad tiene como objetivo primordial ser el canal central de internet que permita desarrollar la estrategia de Gobierno en L\u00ednea y todo lo que ello implica en cada una de las cinco fases.<\/p>\n<p style=\"text-align: justify;\">Como portal de la ciudad ofrece no solo informaci\u00f3n y servicios en l\u00ednea, tambi\u00e9n es un espacio de participaci\u00f3n a todos y todas las ciudadanas a trav\u00e9s del registro de una cuenta \u00fanica de usuario.<\/p>\n<p style=\"text-align: justify;\"><strong>DEFINICIONES<\/strong><\/p>\n<p style=\"text-align: justify;\">Usuario: para efectos de este documento, cualquier persona que acceda al Portal es un usuario, ya sea en forma directa, desde un enlace de otra p\u00e1gina o desde un motor de b\u00fasqueda.<\/p>\n<p style=\"text-align: justify;\">Cookies: peque\u00f1os archivos que algunos sitios web guardan en el computador o equipo que accede a ellos con el fin de recolectar informaci\u00f3n sobre las preferencias y links accedidos.<\/p>\n<p style=\"text-align: justify;\">Contenidos: Son todas las formas de informaci\u00f3n o datos que se divulgan en la p\u00e1gina web, entre los que se encuentran: textos, im\u00e1genes, fotos, logos, dise\u00f1os, animaciones, videos o audios.<\/p>\n<p style=\"text-align: justify;\">Derechos de Propiedad Intelectual: Hacen referencia a todos los derechos de propiedad de la informaci\u00f3n de la E.S.E Cl\u00ednica Guane de Floridablanca de Floridablanca o de cualquier persona que sea titular leg\u00edtima, como: signos distintivos, marcas, lemas, ense\u00f1as, logos, nombres de dominio, derechos de autor, bases de datos, dise\u00f1os, contenidos o cualquier otra obra o creaci\u00f3n intelectual vinculada con el objeto, operaci\u00f3n o desempe\u00f1o del sitio WEB de la E.S.E Cl\u00ednica Guane de Floridablanca<\/p>\n<p style=\"text-align: justify;\">Foro: Servicio automatizado de mensajes, a menudo moderado por un propietario, a trav\u00e9s del cual los suscriptores reciben mensajes dejados por otros suscriptores por un tema dado. Los mensajes se env\u00edan por correo electr\u00f3nico.<\/p>\n<p style=\"text-align: justify;\">Internet: Herramienta de comunicaci\u00f3n con decenas de miles de redes de computadoras unidas por el protocolo TCP\/IP. Sobre esta red se pueden utilizar m\u00faltiples servicios como por ejemplo correos electr\u00f3nicos, www, etc.<\/p>\n<p style=\"text-align: justify;\">P\u00e1gina web: Resultado en hipertexto o hipermedia que proporciona un navegador del www despu\u00e9s de obtener la informaci\u00f3n solicitada. Su contenido puede ir desde un texto corto a un voluminoso conjunto de textos, gr\u00e1ficos est\u00e1ticos o en movimiento, sonido, etc.<\/p>\n<p style=\"text-align: justify;\">Publicar: Hacer que un documento sea visible desde el Sitio web Institucional.<\/p>\n<p style=\"text-align: justify;\">Servicios: Son las ayudas en l\u00ednea que la Presidencia de la Rep\u00fablica provee actualmente o que piensa proveer en el futuro a los usuarios, por medio de esta p\u00e1gina web, como Publicaci\u00f3n de noticias o actividades propias de la gesti\u00f3n institucional; tr\u00e1mites en l\u00ednea; consultas; foros y buz\u00f3n de quejas y reclamos, entre otros.<\/p>\n<p style=\"text-align: justify;\">V\u00ednculo. Link en ingl\u00e9s: Apuntadores hipertexto que sirven para saltar de una informaci\u00f3n a otra, o de un servidor web a otro, cuando se navega por Internet.<\/p>\n<p style=\"text-align: justify;\">Web M\u00e1ster: Persona encargada de administrar el sitio web, crear correos, administrar usuarios administradores, alimentadores y registrados del sitio, realizar copias de seguridad, proponer pol\u00edticas de servicios, autorizar la instalaci\u00f3n de nuevos servicios.<\/p>\n<p style=\"text-align: justify;\"><strong>POL\u00cdTICAS<\/strong><\/p>\n<p style=\"text-align: justify;\">El acceso a las p\u00e1ginas del Portal Web implica una completa aceptaci\u00f3n de la presente Pol\u00edtica de Privacidad y Condiciones de Uso<\/p>\n<p style=\"text-align: justify;\">EL portal web de la E.SE. Cl\u00ednica Guane, adopta las normas que sobre\u00a0 temas electr\u00f3nicos, sitios web, dominios y dem\u00e1s conceptos relacionados se encuentren vigentes en el ordenamiento Nacional, como parte del desarrollo de la estrategia de Gobierno en L\u00ednea, asume las normas nacionales en dicho tema.<\/p>\n<p style=\"text-align: justify;\">En general la informaci\u00f3n alojada en el Portal o sitio Web institucional de la E.S.E Cl\u00ednica Guane de Floridablanca es de car\u00e1cter p\u00fablico, excepto en los casos en que exista informaci\u00f3n de car\u00e1cter restringido la cual es claramente evidenciable ya que se requiere de un usuario y contrase\u00f1a v\u00e1lido para tener acceso a ella.<\/p>\n<p style=\"text-align: justify;\">Los usuarios se comprometen a darle un uso apropiado al Portal \u00a0web y sus elementos, esto implica evitar acciones contra su plataforma tecnol\u00f3gica, contra sus sistemas de informaci\u00f3n ni tampoco interferir\u00e1 en su normal funcionamiento, tampoco \u00a0intento de accesos no autorizados a sitios restringidos, modificaci\u00f3n del sitio web, intentos de Dos (denegaci\u00f3n de Servicios).<\/p>\n<p style=\"text-align: justify;\">Cualquier informaci\u00f3n diligenciada por el usuario del portal, \u00a0tales como encuestas, formularios, sugerencias, foros \u00a0entre otras, es para uso exclusivo de la Cl\u00ednica Guane, por lo tanto se reserva el derecho de publicaci\u00f3n, salvo aquellos casos que la legislaci\u00f3n actual colombiana as\u00ed lo indique.<\/p>\n<p style=\"text-align: justify;\">El Portal contiene\u00a0 enlaces o links con otras entidades estatales, privadas y no gubernamentales sobre las cuales no tiene ning\u00fan tipo de control o jurisdicci\u00f3n, lo que implica que no existe ning\u00fan tipo de responsabilidad.<\/p>\n<p style=\"text-align: justify;\">La E.SE. Cl\u00ednica Guane tiene derecho a negar, restringir o controlar el acceso a determinado usuario al Portal total o parcialmente en completa disposici\u00f3n, as\u00ed como tambi\u00e9n modificar su contenido sin necesidad de previo aviso.<\/p>\n<p style=\"text-align: justify;\"><strong>ACEPTACIONES DEL USUARIO<\/strong><\/p>\n<p style=\"text-align: justify;\">Cualquier usuario que ingrese al Portal est\u00e1 aceptando intercambiar informaci\u00f3n a trav\u00e9s de los Cookies que se generaron para estos sitios web.<\/p>\n<p style=\"text-align: justify;\"><strong>ROLES Y RESPONSABILIDADES<\/strong><\/p>\n<p style=\"text-align: justify;\">Esta pol\u00edtica es responsabilidad de todos los servidores y servidoras o contratistas de \u00a0la E.S.E Cl\u00ednica Guane de Floridablanca y Usuarios el Portal cumplir con ella, con el fin de garantizar la operaci\u00f3n normal y evitar as\u00ed que puedan ocurrir errores, robos o un uso no adecuado de los recursos.<\/p>\n<p style=\"text-align: justify;\">Usuario:<\/p>\n<p style=\"text-align: justify;\">1. Leer completamente este documento antes de hacer uso del Portal y cumplirlo a cabalidad.<\/p>\n<p style=\"text-align: justify;\">2. Notificar por escrito a los contactos indicados al final del documento en caso de no estar de acuerdo con alguna de las partes del mismo.<\/p>\n<p style=\"text-align: justify;\">Web M\u00e1ster<\/p>\n<p style=\"text-align: justify;\">Publicar las pol\u00edticas de privacidad y condiciones de uso aqu\u00ed enunciadas en el Portal para que sea de acceso p\u00fablico.<\/p>\n<p style=\"text-align: justify;\">Actualizar esta publicaci\u00f3n cada vez que se haga alguna modificaci\u00f3n a este documento. Dicha actualizaci\u00f3n deber\u00e1 efectuarse durante los siguientes 10 d\u00edas h\u00e1biles a su aprobaci\u00f3n por el Comit\u00e9 de Gobierno en L\u00ednea.<\/p>\n<p style=\"text-align: justify;\">Cumplir con las Pol\u00edticas de Privacidad y condiciones de uso de los otros Portales al utilizar material de ellos para el Portal de la E.S.E Cl\u00ednica Guane de Floridablanca.<\/p>\n<p style=\"text-align: justify;\">Revisar constantemente los eventos de Seguridad relacionados con el Portal y tomar las medidas que considere pertinente ante cualquier violaci\u00f3n a las Pol\u00edticas de Privacidad y Condiciones de Uso aqu\u00ed establecidas.<\/p>\n<p style=\"text-align: justify;\">Revisar y actualizar este documento peri\u00f3dicamente como se indica en el mismo.<\/p>\n<p style=\"text-align: justify;\"><strong>PROPIEDAD INTELECTUAL<\/strong><\/p>\n<p style=\"text-align: justify;\">Todos los contenidos web dentro del Portal son propiedad de la E.S.E Cl\u00ednica Guane de FLORIDABLANCA, o est\u00e1n autorizados por sus autores originales o deber\u00e1n tener referenciados los links de donde se extrajeron.<\/p>\n<p style=\"text-align: justify;\">El usuario no adquiere ning\u00fan derecho de propiedad intelectual por el simple uso de los \u00a0contenidos del sitio y en ning\u00fan momento dicho uso ser\u00e1 considerado como una autorizaci\u00f3n ni licencia para utilizar los contenidos con fines distintos a los que se contemplan en los presentes T\u00e9rminos y Condiciones de Uso y Privacidad.<\/p>\n<p style=\"text-align: justify;\">Todos los contenidos del Portal que sean de su autor\u00eda est\u00e1n protegidos por las leyes Colombianas en materia de derechos de autor, as\u00ed como por las normas Internacionales de Copyright.<\/p>\n<p style=\"text-align: justify;\">Sin embargo, es posible descargar material de http:\/\/clinicaguane.gov.co\/guane\/\u00a0para uso personal y no comercial, siempre y cuando se haga expresa menci\u00f3n de la propiedad en cabeza \u00a0de la E.S.E Cl\u00ednica Guane de Floridablanca<\/p>\n<p style=\"text-align: justify;\">Con respecto a los contenidos que aparecen en el sitio WEB \u00a0y que usuario descargue o reenvi\u00e9 \u00a0se obliga a:<\/p>\n<ul>\n<li style=\"text-align: justify;\">Usar los contenidos de forma diligente, correcta y l\u00edcita.<\/li>\n<li style=\"text-align: justify;\">No suprimir, eludir, o manipular el copyright (derechos de autor) y dem\u00e1s datos que identifican los derechos de la E.S.E Cl\u00ednica Guane de Floridablanca El visitante o usuario del sitio WEB se har\u00e1 responsable por cualquier uso indebido, il\u00edcito o anormal que haga de los contenidos, informaci\u00f3n o servicios del sitio WEB.<\/li>\n<\/ul>\n<p style=\"text-align: justify;\"><strong>RESPONSABILIDAD POR LA INFORMACI\u00d3N CONTENIDA<\/strong><\/p>\n<p style=\"text-align: justify;\">Debido a que en la actualidad los medios t\u00e9cnicos no permiten garantizar la absoluta falta de injerencia de la acci\u00f3n de terceras personas en el sitio WEB, La E.SE. Cl\u00ednica Guane de Floridablanca de ninguna manera asegura la exactitud y\/o veracidad de todo o parte de la informaci\u00f3n contenida en su p\u00e1gina, ni su actualizaci\u00f3n, ni que dicha informaci\u00f3n haya sido alterada o modificada en todo o en parte, luego de haber sido publicada en la p\u00e1gina, ni cualquier otro aspecto o caracter\u00edstica de lo publicado en el sitio o en los enlaces, respectivamente.<\/p>\n<p style=\"text-align: justify;\">La E.S.E Cl\u00ednica Guane de Floridablanca no controla ni garantiza la ausencia de virus ni de otros elementos en los contenidos que puedan producir alteraciones en su sistema inform\u00e1tico (software y hardware) o en los documentos electr\u00f3nicos y ficheros almacenados en su sistema inform\u00e1tico.<\/p>\n<p style=\"text-align: justify;\">En consecuencia con lo anterior, E.S.E Cl\u00ednica Guane de Floridablanca no se har\u00e1 responsable de ning\u00fan da\u00f1o ocasionado en virtud de cualquier alteraci\u00f3n que se haya efectuado a los materiales o archivos de descarga suministrados directamente por la entidad.<\/p>\n<p style=\"text-align: justify;\"><strong>\u00a0<\/strong><\/p>\n<p style=\"text-align: justify;\"><strong>LEY APLICABLE Y JURISDICCI\u00d3N<\/strong><\/p>\n<p style=\"text-align: justify;\">El usuario no podr\u00e1 manifestar ante la E.S.E Cl\u00ednica Guane de Floridablanca o ante una autoridad judicial o administrativa, la aplicaci\u00f3n de condici\u00f3n, norma o convenio que no est\u00e9 expresamente incorporado en las presentes condiciones de uso.<\/p>\n<p style=\"text-align: justify;\">Estas condiciones ser\u00e1n gobernadas por las leyes de la Rep\u00fablica de Colombia, en los aspectos que no est\u00e9n expresamente regulados en ellas.<\/p>\n<p style=\"text-align: justify;\">Si cualquier disposici\u00f3n de estas condiciones pierde validez o fuerza obligatoria, por cualquier raz\u00f3n, todas las dem\u00e1s disposiciones, conservan su fuerza obligatoria, car\u00e1cter vinculante y generar\u00e1n todos sus efectos.<\/p>\n<p style=\"text-align: justify;\">Para cualquier efecto legal o judicial, el lugar de las presentes condiciones es la E.S.E Cl\u00ednica Guane de Floridablanca, Rep\u00fablica de Colombia, y cualquier controversia que surja de su interpretaci\u00f3n o aplicaci\u00f3n se someter\u00e1 a los jueces de la Rep\u00fablica de Colombia.<\/p>\n<p style=\"text-align: justify;\"><strong>DURACI\u00d3N Y TERMINACI\u00d3N<\/strong><\/p>\n<p style=\"text-align: justify;\">La prestaci\u00f3n del servicio del sitio WEB de la E.S.E Cl\u00ednica Guane tiene una duraci\u00f3n indefinida. Sin embargo, la entidad podr\u00e1 dar por terminada o suspender la prestaci\u00f3n de este servicio en cualquier momento. En caso de que se llegue a presentar esta situaci\u00f3n,<\/p>\n<p style=\"text-align: justify;\"><strong>CONT\u00c1CTENOS<\/strong><\/p>\n<p style=\"text-align: justify;\">Si el usuario desea hacer sugerencias a la E.S.E Cl\u00ednica Guane de Floridablanca para mejorar los contenidos, la informaci\u00f3n y los servicios que ofrece en su sitio WEB, se puede dirigir al administrador del sitio WEB y escribir al siguiente correo electr\u00f3nico: contactenos@clinicaguane.gov.co<\/p>\n<p style=\"text-align: justify;\"><strong>VIOLACIONES A LA POL\u00cdTICA<\/strong><\/p>\n<p style=\"text-align: justify;\">El no cumplimiento a esta pol\u00edtica acarrear\u00e1 acciones desde la restricci\u00f3n al Portal, hasta las acciones disciplinarias o legales dado el caso, seg\u00fan los normas nacionales y los tratados internacionales.<\/p>\n","protected":false},"excerpt":{"rendered":"<p>POL\u00cdTICA\u00a0DE PRIVACIDAD APLICACI\u00d3N DE LA POL\u00cdTICA DE PRIVACIDAD PARA EL SITIO WEB http:\/\/clinicaguane.gov.co\/guane\/ APLICACI\u00d3N Esta pol\u00edtica aplicar\u00e1 para todos los usuarios que hagan uso del as p\u00e1ginas del\u00a0 portal Web de la E.S.E. Cl\u00ednica Guane de Floridablanca http:\/\/clinicaguane.gov.co\/guane\/ ya sea a trav\u00e9s de la Intranet\u00a0 o de Internet. El uso de este portal y de [&hellip;]<\/p>\n","protected":false},"author":1,"featured_media":0,"parent":196,"menu_order":0,"comment_status":"closed","ping_status":"open","template":"","meta":{"_exactmetrics_skip_tracking":false,"_exactmetrics_sitenote_active":false,"_exactmetrics_sitenote_note":"","_exactmetrics_sitenote_category":0},"_links":{"self":[{"href":"https:\/\/clinicaguane.gov.co\/guane\/wp-json\/wp\/v2\/pages\/503"}],"collection":[{"href":"https:\/\/clinicaguane.gov.co\/guane\/wp-json\/wp\/v2\/pages"}],"about":[{"href":"https:\/\/clinicaguane.gov.co\/guane\/wp-json\/wp\/v2\/types\/page"}],"author":[{"embeddable":true,"href":"https:\/\/clinicaguane.gov.co\/guane\/wp-json\/wp\/v2\/users\/1"}],"replies":[{"embeddable":true,"href":"https:\/\/clinicaguane.gov.co\/guane\/wp-json\/wp\/v2\/comments?post=503"}],"version-history":[{"count":6,"href":"https:\/\/clinicaguane.gov.co\/guane\/wp-json\/wp\/v2\/pages\/503\/revisions"}],"predecessor-version":[{"id":11975,"href":"https:\/\/clinicaguane.gov.co\/guane\/wp-json\/wp\/v2\/pages\/503\/revisions\/11975"}],"up":[{"embeddable":true,"href":"https:\/\/clinicaguane.gov.co\/guane\/wp-json\/wp\/v2\/pages\/196"}],"wp:attachment":[{"href":"https:\/\/clinicaguane.gov.co\/guane\/wp-json\/wp\/v2\/media?parent=503"}],"curies":[{"name":"wp","href":"https:\/\/api.w.org\/{rel}","templated":true}]}}