{"id":532,"date":"2011-12-26T17:07:02","date_gmt":"2011-12-26T17:07:02","guid":{"rendered":"http:\/\/clinicaguane.gov.co\/guane\/siteguane\/?page_id=532"},"modified":"2011-12-26T17:07:02","modified_gmt":"2011-12-26T17:07:02","slug":"control-adulto-joven","status":"publish","type":"page","link":"https:\/\/clinicaguane.gov.co\/guane\/servicios\/prevencion-y-promcion\/control-adulto-joven\/","title":{"rendered":"Control Adulto Joven"},"content":{"rendered":"<p style=\"text-align: justify;\"><img loading=\"lazy\" class=\" wp-image-703 alignleft\" title=\"tension--z\" src=\"http:\/\/clinicaguane.gov.co\/guane\/siteguane\/wp-content\/uploads\/2011\/12\/tension-z.jpg\" alt=\"\" width=\"300\" height=\"200\" \/><\/p>\n<div style=\"text-align: justify;\">Trabaja sobre la detecci\u00f3n temprana de las alteraciones del desarrollo del joven de los 10 a los 19 a\u00f1os, se realiza control anual. Incluye la toma de hemoglobina a las mujeres entre 12 -14 a\u00f1os.<\/div>\n<div style=\"text-align: justify;\">Busca detectar las alteraciones en la salud de los j\u00f3venes desde un perfil biopsicosocial teniendo en cuenta los factores de riesgo sociales que rodean esta etapa.<\/div>\n<p>&nbsp;<\/p>\n","protected":false},"excerpt":{"rendered":"<p>Trabaja sobre la detecci\u00f3n temprana de las alteraciones del desarrollo del joven de los 10 a los 19 a\u00f1os, se realiza control anual. Incluye la toma de hemoglobina a las mujeres entre 12 -14 a\u00f1os. Busca detectar las alteraciones en la salud de los j\u00f3venes desde un perfil biopsicosocial teniendo en cuenta los factores de [&hellip;]<\/p>\n","protected":false},"author":1,"featured_media":0,"parent":102,"menu_order":0,"comment_status":"closed","ping_status":"open","template":"","meta":{"_exactmetrics_skip_tracking":false,"_exactmetrics_sitenote_active":false,"_exactmetrics_sitenote_note":"","_exactmetrics_sitenote_category":0},"_links":{"self":[{"href":"https:\/\/clinicaguane.gov.co\/guane\/wp-json\/wp\/v2\/pages\/532"}],"collection":[{"href":"https:\/\/clinicaguane.gov.co\/guane\/wp-json\/wp\/v2\/pages"}],"about":[{"href":"https:\/\/clinicaguane.gov.co\/guane\/wp-json\/wp\/v2\/types\/page"}],"author":[{"embeddable":true,"href":"https:\/\/clinicaguane.gov.co\/guane\/wp-json\/wp\/v2\/users\/1"}],"replies":[{"embeddable":true,"href":"https:\/\/clinicaguane.gov.co\/guane\/wp-json\/wp\/v2\/comments?post=532"}],"version-history":[{"count":0,"href":"https:\/\/clinicaguane.gov.co\/guane\/wp-json\/wp\/v2\/pages\/532\/revisions"}],"up":[{"embeddable":true,"href":"https:\/\/clinicaguane.gov.co\/guane\/wp-json\/wp\/v2\/pages\/102"}],"wp:attachment":[{"href":"https:\/\/clinicaguane.gov.co\/guane\/wp-json\/wp\/v2\/media?parent=532"}],"curies":[{"name":"wp","href":"https:\/\/api.w.org\/{rel}","templated":true}]}}