{"id":635,"date":"2011-12-26T22:43:44","date_gmt":"2011-12-26T22:43:44","guid":{"rendered":"http:\/\/clinicaguane.gov.co\/guane\/siteguane\/?page_id=635"},"modified":"2011-12-26T22:43:44","modified_gmt":"2011-12-26T22:43:44","slug":"urgencia-2","status":"publish","type":"page","link":"https:\/\/clinicaguane.gov.co\/guane\/servicios\/urgencia-2\/","title":{"rendered":"Urgencias"},"content":{"rendered":"<p style=\"text-align: justify;\">&#8220;urgencia&#8221; es la atenci\u00f3n inmediata, no programada, brindada a un paciente no hospitalizado ni con cita previa, en cualquier instante de las veinticuatro horas del d\u00eda de cualquier d\u00eda, con un aparente grave estado de salud, ya que de acuerdo con el sentir del paciente o de sus acompa\u00f1antes.<\/p>\n","protected":false},"excerpt":{"rendered":"<p>&#8220;urgencia&#8221; es la atenci\u00f3n inmediata, no programada, brindada a un paciente no hospitalizado ni con cita previa, en cualquier instante de las veinticuatro horas del d\u00eda de cualquier d\u00eda, con un aparente grave estado de salud, ya que de acuerdo con el sentir del paciente o de sus acompa\u00f1antes.<\/p>\n","protected":false},"author":1,"featured_media":0,"parent":100,"menu_order":0,"comment_status":"open","ping_status":"open","template":"","meta":{"_exactmetrics_skip_tracking":false,"_exactmetrics_sitenote_active":false,"_exactmetrics_sitenote_note":"","_exactmetrics_sitenote_category":0},"_links":{"self":[{"href":"https:\/\/clinicaguane.gov.co\/guane\/wp-json\/wp\/v2\/pages\/635"}],"collection":[{"href":"https:\/\/clinicaguane.gov.co\/guane\/wp-json\/wp\/v2\/pages"}],"about":[{"href":"https:\/\/clinicaguane.gov.co\/guane\/wp-json\/wp\/v2\/types\/page"}],"author":[{"embeddable":true,"href":"https:\/\/clinicaguane.gov.co\/guane\/wp-json\/wp\/v2\/users\/1"}],"replies":[{"embeddable":true,"href":"https:\/\/clinicaguane.gov.co\/guane\/wp-json\/wp\/v2\/comments?post=635"}],"version-history":[{"count":0,"href":"https:\/\/clinicaguane.gov.co\/guane\/wp-json\/wp\/v2\/pages\/635\/revisions"}],"up":[{"embeddable":true,"href":"https:\/\/clinicaguane.gov.co\/guane\/wp-json\/wp\/v2\/pages\/100"}],"wp:attachment":[{"href":"https:\/\/clinicaguane.gov.co\/guane\/wp-json\/wp\/v2\/media?parent=635"}],"curies":[{"name":"wp","href":"https:\/\/api.w.org\/{rel}","templated":true}]}}